{"id":2,"date":"2023-03-01T13:13:12","date_gmt":"2023-03-01T13:13:12","guid":{"rendered":"https:\/\/estrellapatagonica.com.ar\/noticias\/?page_id=2"},"modified":"2023-03-07T12:20:50","modified_gmt":"2023-03-07T12:20:50","slug":"sample-page","status":"publish","type":"page","link":"https:\/\/estrellapatagonica.com.ar\/noticias\/","title":{"rendered":"NOTICIAS"},"content":{"rendered":"\t\t<div data-elementor-type=\"wp-page\" data-elementor-id=\"2\" class=\"elementor elementor-2\">\n\t\t\t\t\t\t\t\t\t<section class=\"elementor-section elementor-top-section elementor-element elementor-element-6978cc0 elementor-section-full_width elementor-section-height-default elementor-section-height-default\" data-id=\"6978cc0\" data-element_type=\"section\">\n\t\t\t\t\t\t<div class=\"elementor-container elementor-column-gap-default\">\n\t\t\t\t\t<div class=\"elementor-column elementor-col-100 elementor-top-column elementor-element elementor-element-df788c2\" data-id=\"df788c2\" data-element_type=\"column\">\n\t\t\t<div class=\"elementor-widget-wrap elementor-element-populated\">\n\t\t\t\t\t\t\t\t<div class=\"elementor-element elementor-element-9825f6f elementor-hidden-mobile elementor-widget elementor-widget-html\" data-id=\"9825f6f\" data-element_type=\"widget\" data-widget_type=\"html.default\">\n\t\t\t\t<div class=\"elementor-widget-container\">\n\t\t\t<h1 id=\"titulo\">Noticias<\/h1>\t\t<\/div>\n\t\t\t\t<\/div>\n\t\t\t\t\t<\/div>\n\t\t<\/div>\n\t\t\t\t\t\t\t<\/div>\n\t\t<\/section>\n\t\t\t\t<section class=\"elementor-section elementor-top-section elementor-element elementor-element-6b66315 elementor-section-full_width elementor-section-height-default elementor-section-height-default\" data-id=\"6b66315\" data-element_type=\"section\">\n\t\t\t\t\t\t<div class=\"elementor-container elementor-column-gap-default\">\n\t\t\t\t\t<div class=\"elementor-column elementor-col-100 elementor-top-column elementor-element elementor-element-827a4ae\" data-id=\"827a4ae\" data-element_type=\"column\">\n\t\t\t<div class=\"elementor-widget-wrap elementor-element-populated\">\n\t\t\t\t\t\t\t\t<div class=\"elementor-element elementor-element-2c440a6 meta-visibility-show title-default title_position_default title_hover_border_default img_hover_animation_default meta_position_default readmore-btn-default-style grid-hover-overlay-type-always tpg-el-box-border-enable elementor-widget elementor-widget-tpg-list-layout\" data-id=\"2c440a6\" data-element_type=\"widget\" data-widget_type=\"tpg-list-layout.default\">\n\t\t\t\t<div class=\"elementor-widget-container\">\n\t\t\t\t\r\n\t\t<div class=\"rt-container-fluid rt-tpg-container tpg-el-main-wrapper list-layout1-main\"\r\n\t\t\tdata-sc-id=\"elementor\"\r\n\t\t\tid=\"rt-tpg-container-3891894991\"\r\n\t\t\tdata-layout=\"list-layout1\"\r\n\t\t\tdata-grid-style=\"tpg-even\"\r\n\t\t\tdata-el-settings=''\r\n\t\t\tdata-el-query=''\r\n\t\t\tdata-el-path=''\r\n\t\t>\r\n\t\t\t<div class='tpg-header-wrapper '><\/div>\r\n\t\t\t<div data-title=\"Loading ...\" class=\"rt-row rt-content-loader list-layout1 tpg-even list-behaviour list-layout-wrapper\">\r\n\t\t\t\t\r\n<div class=\"rt-col-md-12 rt-col-sm-12 rt-col-xs-12 default rt-list-item rt-grid-item\" data-id=\"28\">\r\n\t<div class=\"rt-holder tpg-post-holder\">\r\n\t\t<div class=\"rt-detail rt-el-content-wrapper\">\r\n\t\t\t\t\t\t\t<div class=\"rt-img-holder tpg-el-image-wrap has-thumbnail\">\r\n\t\t\t\t\t<a data-id=\"28\" href=\"https:\/\/estrellapatagonica.com.ar\/noticias\/index.php\/2023\/03\/01\/cancilleria-entrego-los-premios-exportar-2022-a-11-empresas\/\" class=\"tpg-post-link\" target=\"_self\">                        <img decoding=\"async\" loading=\"lazy\" src=\"https:\/\/estrellapatagonica.com.ar\/noticias\/wp-content\/uploads\/2023\/03\/premios-exportar-2.webp\"\r\n                             class=\"rt-img-responsive\"\r\n                             width=\"690\"\r\n                             height=\"460\"\r\n                             alt=\"Entrega de premios ExportAR\">\r\n\t\t\t\t\t\t\r\n\t\t\t\t\t\t\t\r\n\t\t<\/a>\r\n\t\t        <div class=\"overlay grid-hover-content\"><\/div>\r\n\t\t\t\t\t\t<\/div>\r\n\t\t\t\r\n\t\t\t<div class=\"post-right-content\">\r\n\t\t\t\t<div class=\"entry-title-wrapper\"><h3 class=\"entry-title\"><a data-id=\"28\" href=\"https:\/\/estrellapatagonica.com.ar\/noticias\/index.php\/2023\/03\/01\/cancilleria-entrego-los-premios-exportar-2022-a-11-empresas\/\" class=\"tpg-post-link\" target=\"_self\">Canciller\u00eda entreg\u00f3 los Premios Exportar 2022 a 11 empresas<\/a><\/h3><\/div>\r\n\t\t\t\t\t\t\t\t\t<div class=\"post-meta-tags rt-el-post-meta\">\r\n\t\t\t\t\t\t            <span class='date'>\r\n\r\n\t\t\t\t<i aria-hidden=\"true\" class=\"far fa-calendar-alt\"><\/i>\t\t\t\t<a href=\"https:\/\/estrellapatagonica.com.ar\/noticias\/index.php\/2023\/03\/01\/\">\r\n\t\t\t\t\tmarzo 1, 2023\t\t\t\t<\/a>\r\n\t\t\t<\/span>\r\n\t\t\t\t\t\t\t\t<\/div>\r\n\t\t\t\t\r\n\t\t\t\t\t\t\t\t\t<div class=\"tpg-excerpt tpg-el-excerpt\">\r\n\t\t\t\t\t\t\t\t\t\t\t\t\t<div class=\"tpg-excerpt-inner\">\r\n\t\t\t\t\t\t\t\tEstrella Patag\u00f3nica es una de las ganadoras en los premios Exportar 2022.Ir a la noticia \u2192 ...\t\t\t\t\t\t\t<\/div>\r\n\t\t\t\t\t\t\t\t\t\t\t\t\t\t\t\t\t<\/div>\r\n\t\t\t\t\r\n\t\t\t\t        <div class=\"post-footer\">\r\n            <div class=\"read-more\">\r\n\t\t\t\t<a data-id=\"28\" href=\"https:\/\/estrellapatagonica.com.ar\/noticias\/index.php\/2023\/03\/01\/cancilleria-entrego-los-premios-exportar-2022-a-11-empresas\/\" class=\"tpg-post-link\" target=\"_self\">Leer m\u00e1s<\/a>            <\/div>\r\n        <\/div>\r\n\t\t\t\t\t<\/div>\r\n\t\t<\/div>\r\n\t<\/div>\r\n<\/div>\r\n\r\n<div class=\"rt-col-md-12 rt-col-sm-12 rt-col-xs-12 default rt-list-item rt-grid-item\" data-id=\"52\">\r\n\t<div class=\"rt-holder tpg-post-holder\">\r\n\t\t<div class=\"rt-detail rt-el-content-wrapper\">\r\n\t\t\t\t\t\t\t<div class=\"rt-img-holder tpg-el-image-wrap has-thumbnail\">\r\n\t\t\t\t\t<a data-id=\"52\" href=\"https:\/\/estrellapatagonica.com.ar\/noticias\/index.php\/2023\/03\/01\/lafuente-matos-tras-el-reconocimiento-que-obtuvo-la-pesquera-estrella-patagonica-este-premio-nos-pone-en-un-lugar-destacado-de-la-exportacion-en-la-patagonia\/\" class=\"tpg-post-link\" target=\"_self\">                        <img decoding=\"async\" loading=\"lazy\" src=\"https:\/\/estrellapatagonica.com.ar\/noticias\/wp-content\/uploads\/2023\/03\/estrella-3-768x420.jpeg\"\r\n                             class=\"rt-img-responsive\"\r\n                             width=\"768\"\r\n                             height=\"420\"\r\n                             alt=\"reuni\u00f3n Estrella Patag\u00f3nica\">\r\n\t\t\t\t\t\t\r\n\t\t\t\t\t\t\t\r\n\t\t<\/a>\r\n\t\t        <div class=\"overlay grid-hover-content\"><\/div>\r\n\t\t\t\t\t\t<\/div>\r\n\t\t\t\r\n\t\t\t<div class=\"post-right-content\">\r\n\t\t\t\t<div class=\"entry-title-wrapper\"><h3 class=\"entry-title\"><a data-id=\"52\" href=\"https:\/\/estrellapatagonica.com.ar\/noticias\/index.php\/2023\/03\/01\/lafuente-matos-tras-el-reconocimiento-que-obtuvo-la-pesquera-estrella-patagonica-este-premio-nos-pone-en-un-lugar-destacado-de-la-exportacion-en-la-patagonia\/\" class=\"tpg-post-link\" target=\"_self\">Lafuente Matos tras el reconocimiento: \u201cEste premio nos pone en un lugar destacado de la exportaci\u00f3n en la Patagonia\u201d<\/a><\/h3><\/div>\r\n\t\t\t\t\t\t\t\t\t<div class=\"post-meta-tags rt-el-post-meta\">\r\n\t\t\t\t\t\t            <span class='date'>\r\n\r\n\t\t\t\t<i aria-hidden=\"true\" class=\"far fa-calendar-alt\"><\/i>\t\t\t\t<a href=\"https:\/\/estrellapatagonica.com.ar\/noticias\/index.php\/2023\/03\/01\/\">\r\n\t\t\t\t\tmarzo 1, 2023\t\t\t\t<\/a>\r\n\t\t\t<\/span>\r\n\t\t\t\t\t\t\t\t<\/div>\r\n\t\t\t\t\r\n\t\t\t\t\t\t\t\t\t<div class=\"tpg-excerpt tpg-el-excerpt\">\r\n\t\t\t\t\t\t\t\t\t\t\t\t\t<div class=\"tpg-excerpt-inner\">\r\n\t\t\t\t\t\t\t\tLa firma pesquera fue premiada en el evento que distingue a las empresas exportadoras con mejor  ...\t\t\t\t\t\t\t<\/div>\r\n\t\t\t\t\t\t\t\t\t\t\t\t\t\t\t\t\t<\/div>\r\n\t\t\t\t\r\n\t\t\t\t        <div class=\"post-footer\">\r\n            <div class=\"read-more\">\r\n\t\t\t\t<a data-id=\"52\" href=\"https:\/\/estrellapatagonica.com.ar\/noticias\/index.php\/2023\/03\/01\/lafuente-matos-tras-el-reconocimiento-que-obtuvo-la-pesquera-estrella-patagonica-este-premio-nos-pone-en-un-lugar-destacado-de-la-exportacion-en-la-patagonia\/\" class=\"tpg-post-link\" target=\"_self\">Leer m\u00e1s<\/a>            <\/div>\r\n        <\/div>\r\n\t\t\t\t\t<\/div>\r\n\t\t<\/div>\r\n\t<\/div>\r\n<\/div>\r\n\t\t\t<\/div>\r\n\r\n\t\t\t\r\n\t\t<\/div>\r\n\t\t\t\t<\/div>\n\t\t\t\t<\/div>\n\t\t\t\t\t<\/div>\n\t\t<\/div>\n\t\t\t\t\t\t\t<\/div>\n\t\t<\/section>\n\t\t\t\t\t\t\t<\/div>\n\t\t","protected":false},"excerpt":{"rendered":"<p>Noticias Lafuente Matos tras el reconocimiento: \u201cEste premio nos pone en un lugar destacado de la exportaci\u00f3n en la Patagonia\u201d marzo 1, 2023 La firma pesquera fue premiada en el evento que distingue a las empresas exportadoras con mejor &#8230; Leer m\u00e1s Canciller\u00eda entreg\u00f3 los Premios Exportar 2022 a 11 empresas marzo 1, 2023 Estrella &hellip;<\/p>\n<p class=\"read-more\"> <a class=\"\" href=\"https:\/\/estrellapatagonica.com.ar\/noticias\/index.php\/2023\/03\/01\/lafuente-matos-tras-el-reconocimiento-que-obtuvo-la-pesquera-estrella-patagonica-este-premio-nos-pone-en-un-lugar-destacado-de-la-exportacion-en-la-patagonia\/\"> <span class=\"screen-reader-text\">Lafuente Matos tras el reconocimiento: \u201cEste premio nos pone en un lugar destacado de la exportaci\u00f3n en la Patagonia\u201d<\/span> Leer m\u00e1s &raquo;<\/a><\/p>\n","protected":false},"author":1,"featured_media":0,"parent":0,"menu_order":0,"comment_status":"closed","ping_status":"open","template":"","meta":{"site-sidebar-layout":"no-sidebar","site-content-layout":"page-builder","ast-global-header-display":"","ast-main-header-display":"","ast-hfb-above-header-display":"","ast-hfb-below-header-display":"","ast-hfb-mobile-header-display":"","site-post-title":"disabled","ast-breadcrumbs-content":"","ast-featured-img":"disabled","footer-sml-layout":"","theme-transparent-header-meta":"","adv-header-id-meta":"","stick-header-meta":"","header-above-stick-meta":"","header-main-stick-meta":"","header-below-stick-meta":""},"rttpg_featured_image_url":null,"rttpg_author":{"display_name":"admin","author_link":"https:\/\/estrellapatagonica.com.ar\/noticias\/index.php\/author\/admin_wp_noticias\/"},"rttpg_comment":0,"rttpg_category":"","rttpg_excerpt":"Noticias Lafuente Matos tras el reconocimiento: \u201cEste premio nos pone en un lugar destacado de la exportaci\u00f3n en la Patagonia\u201d marzo 1, 2023 La firma pesquera fue premiada en el evento que distingue a las empresas exportadoras con mejor &#8230; Leer m\u00e1s Canciller\u00eda entreg\u00f3 los Premios Exportar 2022 a 11 empresas marzo 1, 2023 Estrella&hellip;","_links":{"self":[{"href":"https:\/\/estrellapatagonica.com.ar\/noticias\/index.php\/wp-json\/wp\/v2\/pages\/2"}],"collection":[{"href":"https:\/\/estrellapatagonica.com.ar\/noticias\/index.php\/wp-json\/wp\/v2\/pages"}],"about":[{"href":"https:\/\/estrellapatagonica.com.ar\/noticias\/index.php\/wp-json\/wp\/v2\/types\/page"}],"author":[{"embeddable":true,"href":"https:\/\/estrellapatagonica.com.ar\/noticias\/index.php\/wp-json\/wp\/v2\/users\/1"}],"replies":[{"embeddable":true,"href":"https:\/\/estrellapatagonica.com.ar\/noticias\/index.php\/wp-json\/wp\/v2\/comments?post=2"}],"version-history":[{"count":53,"href":"https:\/\/estrellapatagonica.com.ar\/noticias\/index.php\/wp-json\/wp\/v2\/pages\/2\/revisions"}],"predecessor-version":[{"id":128,"href":"https:\/\/estrellapatagonica.com.ar\/noticias\/index.php\/wp-json\/wp\/v2\/pages\/2\/revisions\/128"}],"wp:attachment":[{"href":"https:\/\/estrellapatagonica.com.ar\/noticias\/index.php\/wp-json\/wp\/v2\/media?parent=2"}],"curies":[{"name":"wp","href":"https:\/\/api.w.org\/{rel}","templated":true}]}}